{"id":1319,"date":"2024-05-08T09:39:40","date_gmt":"2024-05-08T07:39:40","guid":{"rendered":"https:\/\/www.vijuan.eu\/web\/estampacion\/"},"modified":"2024-07-23T11:44:04","modified_gmt":"2024-07-23T09:44:04","slug":"stamping","status":"publish","type":"page","link":"https:\/\/www.vijuan.eu\/en\/stamping\/","title":{"rendered":"Stamping"},"content":{"rendered":"\n<div class=\"wp-block-columns is-layout-flex wp-container-core-columns-is-layout-9d6595d7 wp-block-columns-is-layout-flex\">\n<div class=\"wp-block-column is-layout-flow wp-block-column-is-layout-flow\">\n<p><strong>MAS DE 55 A\u00d1OS A TU DISPOSICI\u00d3N<\/strong><\/p>\n\n\n\n<p>Desde 1.969, en Vijuan fabricamos piezas industriales para diferentes sectores, (gran distribuci\u00f3n, accesorios para fontaner\u00eda, accesorios para persianas, etc.) con la garant\u00eda de una empresa que tiene como principal objetivo el trabajo bien hecho.<\/p>\n<\/div>\n\n\n\n<div class=\"wp-block-column is-layout-flow wp-block-column-is-layout-flow\">\n<p><strong>GARANT\u00cdA<\/strong><\/p>\n\n\n\n<p>Aplicamos la \u201cGarant\u00eda Vijuan\u201d a cada unidad que sale de nuestras instalaciones. Todos nuestros procesos est\u00e1n garantizados por el est\u00e1ndar de la ISO 9001. Porque para nosotros, la satisfacci\u00f3n del cliente es lo prioritario.<\/p>\n<\/div>\n<\/div>\n\n\n\n<p class=\"has-text-align-center clic-accordion\"><strong>Placas de fijaci\u00f3n <\/strong>(accesorio de Fontaner\u00eda)<br>plantilla de alineaci\u00f3n para salida de codos con soportes de fijaci\u00f3n para la instalaci\u00f3n de Grifer\u00edas<\/p>\n\n\n\n<figure class=\"wp-block-gallery has-nested-images columns-default is-cropped hide-accordion wp-block-gallery-1 is-layout-flex wp-block-gallery-is-layout-flex\">\n<figure class=\"wp-block-image size-large\"><img loading=\"lazy\" decoding=\"async\" width=\"800\" height=\"601\" data-id=\"1294\" src=\"https:\/\/www.vijuan.eu\/\/wp-content\/uploads\/2024\/05\/Placa_fijacion_grande.jpg\" alt=\"\" class=\"wp-image-1294\" srcset=\"https:\/\/www.vijuan.eu\/wp-content\/uploads\/2024\/05\/Placa_fijacion_grande.jpg 800w, https:\/\/www.vijuan.eu\/wp-content\/uploads\/2024\/05\/Placa_fijacion_grande-300x225.jpg 300w, https:\/\/www.vijuan.eu\/wp-content\/uploads\/2024\/05\/Placa_fijacion_grande-768x577.jpg 768w\" sizes=\"auto, (max-width: 800px) 100vw, 800px\" \/><\/figure>\n\n\n\n<figure class=\"wp-block-image size-large\"><img loading=\"lazy\" decoding=\"async\" width=\"800\" height=\"601\" data-id=\"1292\" src=\"https:\/\/www.vijuan.eu\/\/wp-content\/uploads\/2024\/05\/Placa_fijacion_pequena.jpg\" alt=\"\" class=\"wp-image-1292\" srcset=\"https:\/\/www.vijuan.eu\/wp-content\/uploads\/2024\/05\/Placa_fijacion_pequena.jpg 800w, https:\/\/www.vijuan.eu\/wp-content\/uploads\/2024\/05\/Placa_fijacion_pequena-300x225.jpg 300w, https:\/\/www.vijuan.eu\/wp-content\/uploads\/2024\/05\/Placa_fijacion_pequena-768x577.jpg 768w\" sizes=\"auto, (max-width: 800px) 100vw, 800px\" \/><\/figure>\n<\/figure>\n\n\n\n<p class=\"has-text-align-center clic-accordion\"><strong>Soportes para persianas y accesorios<\/strong><\/p>\n\n\n\n<figure class=\"wp-block-gallery has-nested-images columns-default is-cropped hide-accordion wp-block-gallery-2 is-layout-flex wp-block-gallery-is-layout-flex\">\n<figure class=\"wp-block-image size-large\"><img loading=\"lazy\" decoding=\"async\" width=\"800\" height=\"601\" data-id=\"1290\" src=\"https:\/\/www.vijuan.eu\/\/wp-content\/uploads\/2024\/05\/Soporte_persiana_derecho.jpg\" alt=\"\" class=\"wp-image-1290\" srcset=\"https:\/\/www.vijuan.eu\/wp-content\/uploads\/2024\/05\/Soporte_persiana_derecho.jpg 800w, https:\/\/www.vijuan.eu\/wp-content\/uploads\/2024\/05\/Soporte_persiana_derecho-300x225.jpg 300w, https:\/\/www.vijuan.eu\/wp-content\/uploads\/2024\/05\/Soporte_persiana_derecho-768x577.jpg 768w\" sizes=\"auto, (max-width: 800px) 100vw, 800px\" \/><\/figure>\n\n\n\n<figure class=\"wp-block-image size-large\"><img loading=\"lazy\" decoding=\"async\" width=\"800\" height=\"601\" data-id=\"1288\" src=\"https:\/\/www.vijuan.eu\/\/wp-content\/uploads\/2024\/05\/Soporte_persiana_izquierda.jpg\" alt=\"\" class=\"wp-image-1288\" srcset=\"https:\/\/www.vijuan.eu\/wp-content\/uploads\/2024\/05\/Soporte_persiana_izquierda.jpg 800w, https:\/\/www.vijuan.eu\/wp-content\/uploads\/2024\/05\/Soporte_persiana_izquierda-300x225.jpg 300w, https:\/\/www.vijuan.eu\/wp-content\/uploads\/2024\/05\/Soporte_persiana_izquierda-768x577.jpg 768w\" sizes=\"auto, (max-width: 800px) 100vw, 800px\" \/><\/figure>\n\n\n\n<figure class=\"wp-block-image size-large\"><img loading=\"lazy\" decoding=\"async\" width=\"800\" height=\"601\" data-id=\"1298\" src=\"https:\/\/www.vijuan.eu\/\/wp-content\/uploads\/2024\/05\/Casquillo_soporte_izquierdo.jpg\" alt=\"\" class=\"wp-image-1298\" srcset=\"https:\/\/www.vijuan.eu\/wp-content\/uploads\/2024\/05\/Casquillo_soporte_izquierdo.jpg 800w, https:\/\/www.vijuan.eu\/wp-content\/uploads\/2024\/05\/Casquillo_soporte_izquierdo-300x225.jpg 300w, https:\/\/www.vijuan.eu\/wp-content\/uploads\/2024\/05\/Casquillo_soporte_izquierdo-768x577.jpg 768w\" sizes=\"auto, (max-width: 800px) 100vw, 800px\" \/><\/figure>\n\n\n\n<figure class=\"wp-block-image size-large\"><img loading=\"lazy\" decoding=\"async\" width=\"800\" height=\"601\" data-id=\"1296\" src=\"https:\/\/www.vijuan.eu\/\/wp-content\/uploads\/2024\/05\/Escuadra_regulable.jpg\" alt=\"\" class=\"wp-image-1296\" srcset=\"https:\/\/www.vijuan.eu\/wp-content\/uploads\/2024\/05\/Escuadra_regulable.jpg 800w, https:\/\/www.vijuan.eu\/wp-content\/uploads\/2024\/05\/Escuadra_regulable-300x225.jpg 300w, https:\/\/www.vijuan.eu\/wp-content\/uploads\/2024\/05\/Escuadra_regulable-768x577.jpg 768w\" sizes=\"auto, (max-width: 800px) 100vw, 800px\" \/><\/figure>\n\n\n\n<figure class=\"wp-block-image size-large\"><img loading=\"lazy\" decoding=\"async\" width=\"800\" height=\"601\" data-id=\"1306\" src=\"https:\/\/www.vijuan.eu\/\/wp-content\/uploads\/2024\/05\/Cartabon_galbanizado.jpg\" alt=\"\" class=\"wp-image-1306\" srcset=\"https:\/\/www.vijuan.eu\/wp-content\/uploads\/2024\/05\/Cartabon_galbanizado.jpg 800w, https:\/\/www.vijuan.eu\/wp-content\/uploads\/2024\/05\/Cartabon_galbanizado-300x225.jpg 300w, https:\/\/www.vijuan.eu\/wp-content\/uploads\/2024\/05\/Cartabon_galbanizado-768x577.jpg 768w\" sizes=\"auto, (max-width: 800px) 100vw, 800px\" \/><\/figure>\n\n\n\n<figure class=\"wp-block-image size-large\"><img loading=\"lazy\" decoding=\"async\" width=\"800\" height=\"601\" data-id=\"1302\" src=\"https:\/\/www.vijuan.eu\/\/wp-content\/uploads\/2024\/05\/Casquillo_soporte_derecho_2.jpg\" alt=\"\" class=\"wp-image-1302\" srcset=\"https:\/\/www.vijuan.eu\/wp-content\/uploads\/2024\/05\/Casquillo_soporte_derecho_2.jpg 800w, https:\/\/www.vijuan.eu\/wp-content\/uploads\/2024\/05\/Casquillo_soporte_derecho_2-300x225.jpg 300w, https:\/\/www.vijuan.eu\/wp-content\/uploads\/2024\/05\/Casquillo_soporte_derecho_2-768x577.jpg 768w\" sizes=\"auto, (max-width: 800px) 100vw, 800px\" \/><\/figure>\n\n\n\n<figure class=\"wp-block-image size-large\"><img loading=\"lazy\" decoding=\"async\" width=\"800\" height=\"601\" data-id=\"1286\" src=\"https:\/\/www.vijuan.eu\/\/wp-content\/uploads\/2024\/05\/Soporte_tres_orificios.jpg\" alt=\"\" class=\"wp-image-1286\" srcset=\"https:\/\/www.vijuan.eu\/wp-content\/uploads\/2024\/05\/Soporte_tres_orificios.jpg 800w, https:\/\/www.vijuan.eu\/wp-content\/uploads\/2024\/05\/Soporte_tres_orificios-300x225.jpg 300w, https:\/\/www.vijuan.eu\/wp-content\/uploads\/2024\/05\/Soporte_tres_orificios-768x577.jpg 768w\" sizes=\"auto, (max-width: 800px) 100vw, 800px\" \/><\/figure>\n\n\n\n<figure class=\"wp-block-image size-large\"><img loading=\"lazy\" decoding=\"async\" width=\"800\" height=\"601\" data-id=\"1300\" src=\"https:\/\/www.vijuan.eu\/\/wp-content\/uploads\/2024\/05\/Conjunto_escuadra.jpg\" alt=\"\" class=\"wp-image-1300\" srcset=\"https:\/\/www.vijuan.eu\/wp-content\/uploads\/2024\/05\/Conjunto_escuadra.jpg 800w, https:\/\/www.vijuan.eu\/wp-content\/uploads\/2024\/05\/Conjunto_escuadra-300x225.jpg 300w, https:\/\/www.vijuan.eu\/wp-content\/uploads\/2024\/05\/Conjunto_escuadra-768x577.jpg 768w\" sizes=\"auto, (max-width: 800px) 100vw, 800px\" \/><\/figure>\n\n\n\n<figure class=\"wp-block-image size-large\"><img loading=\"lazy\" decoding=\"async\" width=\"800\" height=\"601\" data-id=\"1304\" src=\"https:\/\/www.vijuan.eu\/\/wp-content\/uploads\/2024\/05\/Casquillo_soporte_derecho_1.jpg\" alt=\"\" class=\"wp-image-1304\" srcset=\"https:\/\/www.vijuan.eu\/wp-content\/uploads\/2024\/05\/Casquillo_soporte_derecho_1.jpg 800w, https:\/\/www.vijuan.eu\/wp-content\/uploads\/2024\/05\/Casquillo_soporte_derecho_1-300x225.jpg 300w, https:\/\/www.vijuan.eu\/wp-content\/uploads\/2024\/05\/Casquillo_soporte_derecho_1-768x577.jpg 768w\" sizes=\"auto, (max-width: 800px) 100vw, 800px\" \/><\/figure>\n<\/figure>\n","protected":false},"excerpt":{"rendered":"<p>MAS DE 55 A\u00d1OS A TU DISPOSICI\u00d3N Desde 1.969, en Vijuan fabricamos piezas industriales para diferentes sectores, (gran distribuci\u00f3n, accesorios para fontaner\u00eda, accesorios para persianas, etc.) con la garant\u00eda de una empresa que tiene como principal objetivo el trabajo bien hecho. GARANT\u00cdA Aplicamos la \u201cGarant\u00eda Vijuan\u201d a cada unidad que sale de nuestras instalaciones. Todos [&hellip;]<\/p>\n","protected":false},"author":2,"featured_media":2640,"parent":0,"menu_order":62,"comment_status":"closed","ping_status":"closed","template":"template-termoconformado.php","meta":{"_acf_changed":false,"footnotes":""},"class_list":["post-1319","page","type-page","status-publish","has-post-thumbnail","hentry"],"acf":[],"yoast_head":"<!-- This site is optimized with the Yoast SEO plugin v27.5 - https:\/\/yoast.com\/product\/yoast-seo-wordpress\/ -->\n<title>Stamping | VIJUAN<\/title>\n<meta name=\"description\" content=\"Desde 1.969, fabricamos piezas industriales para diferentes sectores: gran distribuci\u00f3n, accesorios para fontaner\u00eda, accesorios para persianas\" \/>\n<meta name=\"robots\" content=\"index, follow, max-snippet:-1, max-image-preview:large, max-video-preview:-1\" \/>\n<link rel=\"canonical\" href=\"https:\/\/www.vijuan.eu\/en\/stamping\/\" \/>\n<meta property=\"og:locale\" content=\"en_US\" \/>\n<meta property=\"og:type\" content=\"article\" \/>\n<meta property=\"og:title\" content=\"Stamping | VIJUAN\" \/>\n<meta property=\"og:description\" content=\"Desde 1.969, fabricamos piezas industriales para diferentes sectores: gran distribuci\u00f3n, accesorios para fontaner\u00eda, accesorios para persianas\" \/>\n<meta property=\"og:url\" content=\"https:\/\/www.vijuan.eu\/en\/stamping\/\" \/>\n<meta property=\"og:site_name\" content=\"VIJUAN\" \/>\n<meta property=\"article:modified_time\" content=\"2024-07-23T09:44:04+00:00\" \/>\n<meta property=\"og:image\" content=\"https:\/\/www.vijuan.eu\/wp-content\/uploads\/2024\/07\/Estampacion.jpg\" \/>\n\t<meta property=\"og:image:width\" content=\"2500\" \/>\n\t<meta property=\"og:image:height\" content=\"1666\" \/>\n\t<meta property=\"og:image:type\" content=\"image\/jpeg\" \/>\n<meta name=\"twitter:card\" content=\"summary_large_image\" \/>\n<meta name=\"twitter:label1\" content=\"Est. reading time\" \/>\n\t<meta name=\"twitter:data1\" content=\"3 minutes\" \/>\n<script type=\"application\/ld+json\" class=\"yoast-schema-graph\">{\"@context\":\"https:\\\/\\\/schema.org\",\"@graph\":[{\"@type\":\"WebPage\",\"@id\":\"https:\\\/\\\/www.vijuan.eu\\\/en\\\/stamping\\\/\",\"url\":\"https:\\\/\\\/www.vijuan.eu\\\/en\\\/stamping\\\/\",\"name\":\"Stamping | VIJUAN\",\"isPartOf\":{\"@id\":\"https:\\\/\\\/www.vijuan.eu\\\/#website\"},\"primaryImageOfPage\":{\"@id\":\"https:\\\/\\\/www.vijuan.eu\\\/en\\\/stamping\\\/#primaryimage\"},\"image\":{\"@id\":\"https:\\\/\\\/www.vijuan.eu\\\/en\\\/stamping\\\/#primaryimage\"},\"thumbnailUrl\":\"https:\\\/\\\/www.vijuan.eu\\\/wp-content\\\/uploads\\\/2024\\\/07\\\/Estampacion.jpg\",\"datePublished\":\"2024-05-08T07:39:40+00:00\",\"dateModified\":\"2024-07-23T09:44:04+00:00\",\"description\":\"Desde 1.969, fabricamos piezas industriales para diferentes sectores: gran distribuci\u00f3n, accesorios para fontaner\u00eda, accesorios para persianas\",\"breadcrumb\":{\"@id\":\"https:\\\/\\\/www.vijuan.eu\\\/en\\\/stamping\\\/#breadcrumb\"},\"inLanguage\":\"en-US\",\"potentialAction\":[{\"@type\":\"ReadAction\",\"target\":[\"https:\\\/\\\/www.vijuan.eu\\\/en\\\/stamping\\\/\"]}]},{\"@type\":\"ImageObject\",\"inLanguage\":\"en-US\",\"@id\":\"https:\\\/\\\/www.vijuan.eu\\\/en\\\/stamping\\\/#primaryimage\",\"url\":\"https:\\\/\\\/www.vijuan.eu\\\/wp-content\\\/uploads\\\/2024\\\/07\\\/Estampacion.jpg\",\"contentUrl\":\"https:\\\/\\\/www.vijuan.eu\\\/wp-content\\\/uploads\\\/2024\\\/07\\\/Estampacion.jpg\",\"width\":2500,\"height\":1666},{\"@type\":\"BreadcrumbList\",\"@id\":\"https:\\\/\\\/www.vijuan.eu\\\/en\\\/stamping\\\/#breadcrumb\",\"itemListElement\":[{\"@type\":\"ListItem\",\"position\":1,\"name\":\"Portada\",\"item\":\"https:\\\/\\\/www.vijuan.eu\\\/en\\\/\"},{\"@type\":\"ListItem\",\"position\":2,\"name\":\"Stamping\"}]},{\"@type\":\"WebSite\",\"@id\":\"https:\\\/\\\/www.vijuan.eu\\\/#website\",\"url\":\"https:\\\/\\\/www.vijuan.eu\\\/\",\"name\":\"VIJUAN\",\"description\":\"\",\"publisher\":{\"@id\":\"https:\\\/\\\/www.vijuan.eu\\\/#organization\"},\"potentialAction\":[{\"@type\":\"SearchAction\",\"target\":{\"@type\":\"EntryPoint\",\"urlTemplate\":\"https:\\\/\\\/www.vijuan.eu\\\/?s={search_term_string}\"},\"query-input\":{\"@type\":\"PropertyValueSpecification\",\"valueRequired\":true,\"valueName\":\"search_term_string\"}}],\"inLanguage\":\"en-US\"},{\"@type\":\"Organization\",\"@id\":\"https:\\\/\\\/www.vijuan.eu\\\/#organization\",\"name\":\"VIJUAN\",\"url\":\"https:\\\/\\\/www.vijuan.eu\\\/\",\"logo\":{\"@type\":\"ImageObject\",\"inLanguage\":\"en-US\",\"@id\":\"https:\\\/\\\/www.vijuan.eu\\\/#\\\/schema\\\/logo\\\/image\\\/\",\"url\":\"https:\\\/\\\/www.vijuan.eu\\\/\\\/wp-content\\\/uploads\\\/2024\\\/07\\\/logo.png\",\"contentUrl\":\"https:\\\/\\\/www.vijuan.eu\\\/\\\/wp-content\\\/uploads\\\/2024\\\/07\\\/logo.png\",\"width\":339,\"height\":98,\"caption\":\"VIJUAN\"},\"image\":{\"@id\":\"https:\\\/\\\/www.vijuan.eu\\\/#\\\/schema\\\/logo\\\/image\\\/\"}}]}<\/script>\n<!-- \/ Yoast SEO plugin. -->","yoast_head_json":{"title":"Stamping | VIJUAN","description":"Desde 1.969, fabricamos piezas industriales para diferentes sectores: gran distribuci\u00f3n, accesorios para fontaner\u00eda, accesorios para persianas","robots":{"index":"index","follow":"follow","max-snippet":"max-snippet:-1","max-image-preview":"max-image-preview:large","max-video-preview":"max-video-preview:-1"},"canonical":"https:\/\/www.vijuan.eu\/en\/stamping\/","og_locale":"en_US","og_type":"article","og_title":"Stamping | VIJUAN","og_description":"Desde 1.969, fabricamos piezas industriales para diferentes sectores: gran distribuci\u00f3n, accesorios para fontaner\u00eda, accesorios para persianas","og_url":"https:\/\/www.vijuan.eu\/en\/stamping\/","og_site_name":"VIJUAN","article_modified_time":"2024-07-23T09:44:04+00:00","og_image":[{"width":2500,"height":1666,"url":"https:\/\/www.vijuan.eu\/wp-content\/uploads\/2024\/07\/Estampacion.jpg","type":"image\/jpeg"}],"twitter_card":"summary_large_image","twitter_misc":{"Est. reading time":"3 minutes"},"schema":{"@context":"https:\/\/schema.org","@graph":[{"@type":"WebPage","@id":"https:\/\/www.vijuan.eu\/en\/stamping\/","url":"https:\/\/www.vijuan.eu\/en\/stamping\/","name":"Stamping | VIJUAN","isPartOf":{"@id":"https:\/\/www.vijuan.eu\/#website"},"primaryImageOfPage":{"@id":"https:\/\/www.vijuan.eu\/en\/stamping\/#primaryimage"},"image":{"@id":"https:\/\/www.vijuan.eu\/en\/stamping\/#primaryimage"},"thumbnailUrl":"https:\/\/www.vijuan.eu\/wp-content\/uploads\/2024\/07\/Estampacion.jpg","datePublished":"2024-05-08T07:39:40+00:00","dateModified":"2024-07-23T09:44:04+00:00","description":"Desde 1.969, fabricamos piezas industriales para diferentes sectores: gran distribuci\u00f3n, accesorios para fontaner\u00eda, accesorios para persianas","breadcrumb":{"@id":"https:\/\/www.vijuan.eu\/en\/stamping\/#breadcrumb"},"inLanguage":"en-US","potentialAction":[{"@type":"ReadAction","target":["https:\/\/www.vijuan.eu\/en\/stamping\/"]}]},{"@type":"ImageObject","inLanguage":"en-US","@id":"https:\/\/www.vijuan.eu\/en\/stamping\/#primaryimage","url":"https:\/\/www.vijuan.eu\/wp-content\/uploads\/2024\/07\/Estampacion.jpg","contentUrl":"https:\/\/www.vijuan.eu\/wp-content\/uploads\/2024\/07\/Estampacion.jpg","width":2500,"height":1666},{"@type":"BreadcrumbList","@id":"https:\/\/www.vijuan.eu\/en\/stamping\/#breadcrumb","itemListElement":[{"@type":"ListItem","position":1,"name":"Portada","item":"https:\/\/www.vijuan.eu\/en\/"},{"@type":"ListItem","position":2,"name":"Stamping"}]},{"@type":"WebSite","@id":"https:\/\/www.vijuan.eu\/#website","url":"https:\/\/www.vijuan.eu\/","name":"VIJUAN","description":"","publisher":{"@id":"https:\/\/www.vijuan.eu\/#organization"},"potentialAction":[{"@type":"SearchAction","target":{"@type":"EntryPoint","urlTemplate":"https:\/\/www.vijuan.eu\/?s={search_term_string}"},"query-input":{"@type":"PropertyValueSpecification","valueRequired":true,"valueName":"search_term_string"}}],"inLanguage":"en-US"},{"@type":"Organization","@id":"https:\/\/www.vijuan.eu\/#organization","name":"VIJUAN","url":"https:\/\/www.vijuan.eu\/","logo":{"@type":"ImageObject","inLanguage":"en-US","@id":"https:\/\/www.vijuan.eu\/#\/schema\/logo\/image\/","url":"https:\/\/www.vijuan.eu\/\/wp-content\/uploads\/2024\/07\/logo.png","contentUrl":"https:\/\/www.vijuan.eu\/\/wp-content\/uploads\/2024\/07\/logo.png","width":339,"height":98,"caption":"VIJUAN"},"image":{"@id":"https:\/\/www.vijuan.eu\/#\/schema\/logo\/image\/"}}]}},"_links":{"self":[{"href":"https:\/\/www.vijuan.eu\/en\/wp-json\/wp\/v2\/pages\/1319","targetHints":{"allow":["GET"]}}],"collection":[{"href":"https:\/\/www.vijuan.eu\/en\/wp-json\/wp\/v2\/pages"}],"about":[{"href":"https:\/\/www.vijuan.eu\/en\/wp-json\/wp\/v2\/types\/page"}],"author":[{"embeddable":true,"href":"https:\/\/www.vijuan.eu\/en\/wp-json\/wp\/v2\/users\/2"}],"replies":[{"embeddable":true,"href":"https:\/\/www.vijuan.eu\/en\/wp-json\/wp\/v2\/comments?post=1319"}],"version-history":[{"count":4,"href":"https:\/\/www.vijuan.eu\/en\/wp-json\/wp\/v2\/pages\/1319\/revisions"}],"predecessor-version":[{"id":2767,"href":"https:\/\/www.vijuan.eu\/en\/wp-json\/wp\/v2\/pages\/1319\/revisions\/2767"}],"wp:featuredmedia":[{"embeddable":true,"href":"https:\/\/www.vijuan.eu\/en\/wp-json\/wp\/v2\/media\/2640"}],"wp:attachment":[{"href":"https:\/\/www.vijuan.eu\/en\/wp-json\/wp\/v2\/media?parent=1319"}],"curies":[{"name":"wp","href":"https:\/\/api.w.org\/{rel}","templated":true}]}}