{"id":892,"date":"2024-03-05T20:03:52","date_gmt":"2024-03-05T19:03:52","guid":{"rendered":"https:\/\/www.vijuan.eu\/web\/politica-cookies\/"},"modified":"2024-07-23T11:28:27","modified_gmt":"2024-07-23T09:28:27","slug":"cookies-policy","status":"publish","type":"page","link":"https:\/\/www.vijuan.eu\/en\/cookies-policy\/","title":{"rendered":"Cookies policy"},"content":{"rendered":"\n<p>En la presente Pol\u00edtica de Cookies, te explicamos qu\u00e9 son las cookies, para qu\u00e9 sirven, y c\u00f3mo puedes configurarlas y\/o desactivarlas si as\u00ed lo deseas. Adem\u00e1s, te indicamos qu\u00e9 tipos de cookies utiliza, y con qu\u00e9 finalidad lo hace, VIJUAN responsable del sitio web a trav\u00e9s del cual has accedido a la presente Pol\u00edtica de Cookies (el \u201cSitio web\u201d), y que se encuentra debidamente identificada en el Aviso Legal que figura en el mismo.<\/p>\n\n\n\n<h2 class=\"wp-block-heading\"><strong>\u00bfQu\u00e9 son las cookies?<\/strong><strong><\/strong><\/h2>\n\n\n\n<p>Este sitio web utiliza cookies y\/o tecnolog\u00edas similares que almacenan y recuperan informaci\u00f3n cuando navegas. En general, estas tecnolog\u00edas pueden servir para finalidades muy diversas, como, por ejemplo, reconocerte como usuario, obtener informaci\u00f3n sobre tus h\u00e1bitos de navegaci\u00f3n, o personalizar la forma en que se muestra el contenido. Los usos concretos que hacemos de estas tecnolog\u00edas se describen a continuaci\u00f3n.<\/p>\n\n\n\n<h2 class=\"wp-block-heading\"><strong>Tipolog\u00eda de cookies<\/strong><\/h2>\n\n\n\n<p>En funci\u00f3n de su duraci\u00f3n las cookies pueden ser:<\/p>\n\n\n\n<ul class=\"wp-block-list\">\n<li><strong>De sesi\u00f3n<\/strong>. Son un tipo de cookies dise\u00f1adas para recabar y almacenar datos mientras el usuario accede a una p\u00e1gina web. Estas cookies no quedan almacenadas en el ordenador del usuario cuando caduca la sesi\u00f3n o este cierra el navegador.<\/li>\n\n\n\n<li><strong>Persistentes<\/strong>. Son un tipo de cookies en el que los datos siguen almacenados en el ordenador del usuario y pueden ser accedidos y tratados cuando el usuario abandona la p\u00e1gina web y cuando se vuelva a conectar a ella. Estas cookies pueden ser borradas en cualquier momento por el Usuario.<\/li>\n<\/ul>\n\n\n\n<p>En funci\u00f3n de la entidad que las gestione:<\/p>\n\n\n\n<ul class=\"wp-block-list\">\n<li><strong>Cookies propias<\/strong>: Son aqu\u00e9llas que se env\u00edan al equipo terminal del usuario desde un equipo o dominio gestionado por el titular de la p\u00e1gina web y desde la que se presta el servicio solicitado por el usuario.<\/li>\n\n\n\n<li><strong>Cookies de tercero<\/strong>: Son aqu\u00e9llas que se env\u00edan al equipo terminal del usuario desde un equipo o dominio que no es gestionado por el editor, sino por otra entidad que trata los datos obtenidos a trav\u00e9s de las cookies. En el caso de que las cookies sean servidas desde un equipo o dominio gestionado por el propio editor, pero la informaci\u00f3n que se recoja mediante \u00e9stas sea gestionada por un tercero, no pueden ser consideradas como cookies propias, si el tercero las utiliza para sus propias finalidades como la mejora de los servicios que presta o para la prestaci\u00f3n de servicios, por ejemplo, de car\u00e1cter publicitario, a favor de otras entidades.<\/li>\n<\/ul>\n\n\n\n<h2 class=\"wp-block-heading\"><strong>\u00bfQu\u00e9 tipos de cookies se utilizan en esta p\u00e1gina web?<\/strong><\/h2>\n\n\n\n<ul class=\"wp-block-list\">\n<li>Cookies de sesi\u00f3n (propias), para facilitar el manejo de la Web por parte del usuario.<\/li>\n\n\n\n<li>Cookies de Terceros: como consecuencia de las cookies empleadas por terceros, sus datos pueden ser objeto de transferencia internacional en caso de consentir su uso. Puede obtener m\u00e1s informaci\u00f3n sobre las transferencias a estos pa\u00edses y c\u00f3mo se llevan a cabo, a trav\u00e9s de las correspondientes pol\u00edticas de estos proveedores aqu\u00ed facilitadas.<\/li>\n<\/ul>\n\n\n\n<h2 class=\"wp-block-heading\"><strong>Consentimiento y configuraci\u00f3n de cookies<\/strong><\/h2>\n\n\n\n<p>Si no est\u00e1 de acuerdo con que las \u201ccookies\u201d descritas puedan recopilar la informaci\u00f3n mencionada, puede rechazar su instalaci\u00f3n en el panel de configuraci\u00f3n de cookies de esta web. Este panel es accesible desde la ventana emergente de Aceptaci\u00f3n\/ Configuraci\u00f3n de cookies la primera vez que accede a la web y, una vez que ya las haya configurado, desde la pesta\u00f1a de \u201cPol\u00edtica de cookies\u201d.<\/p>\n\n\n\n<p>Tenga en cuenta que, si acepta las cookies de terceros, deber\u00e1 eliminarlas desde las opciones del navegador o desde el sistema ofrecido por el propio tercero.<\/p>\n\n\n\n<p>El Usuario puede deshabilitar, rechazar y eliminar las cookies, total o parcialmente, instaladas en su dispositivo mediante la configuraci\u00f3n de su navegador (entre los que se encuentran, por ejemplo, Chrome, Firefox, Safari, Explorer). En este sentido, los procedimientos para rechazar y eliminar las cookies pueden diferir de un navegador de Internet a otro. En consecuencia, el Usuario debe acudir a las instrucciones facilitadas por el propio navegador de Internet que est\u00e9 utilizando. En el supuesto de que rechace el uso de cookies, total o parcialmente, podr\u00e1 seguir usando el Sitio Web, si bien podr\u00e1 tener limitada la utilizaci\u00f3n de algunas de las prestaciones del mismo.<\/p>\n\n\n\n<h2 class=\"wp-block-heading\"><strong>Cambios en la Pol\u00edtica de Cookies<\/strong><\/h2>\n\n\n\n<p>La presente Pol\u00edtica de Cookies se podr\u00e1 modificar cuando as\u00ed lo exija la legislaci\u00f3n vigente en cada momento o cuando hubiera alguna variaci\u00f3n en el tipo de cookies utilizadas.<\/p>\n","protected":false},"excerpt":{"rendered":"<p>En la presente Pol\u00edtica de Cookies, te explicamos qu\u00e9 son las cookies, para qu\u00e9 sirven, y c\u00f3mo puedes configurarlas y\/o desactivarlas si as\u00ed lo deseas. Adem\u00e1s, te indicamos qu\u00e9 tipos de cookies utiliza, y con qu\u00e9 finalidad lo hace, VIJUAN responsable del sitio web a trav\u00e9s del cual has accedido a la presente Pol\u00edtica de [&hellip;]<\/p>\n","protected":false},"author":2,"featured_media":0,"parent":0,"menu_order":3,"comment_status":"closed","ping_status":"closed","template":"","meta":{"_acf_changed":false,"footnotes":""},"class_list":["post-892","page","type-page","status-publish","hentry"],"acf":[],"yoast_head":"<!-- This site is optimized with the Yoast SEO plugin v27.5 - https:\/\/yoast.com\/product\/yoast-seo-wordpress\/ -->\n<title>Cookies policy | VIJUAN<\/title>\n<meta name=\"robots\" content=\"noindex, nofollow\" \/>\n<meta property=\"og:locale\" content=\"en_US\" \/>\n<meta property=\"og:type\" content=\"article\" \/>\n<meta property=\"og:title\" content=\"Cookies policy | VIJUAN\" \/>\n<meta property=\"og:description\" content=\"En la presente Pol\u00edtica de Cookies, te explicamos qu\u00e9 son las cookies, para qu\u00e9 sirven, y c\u00f3mo puedes configurarlas y\/o desactivarlas si as\u00ed lo deseas. Adem\u00e1s, te indicamos qu\u00e9 tipos de cookies utiliza, y con qu\u00e9 finalidad lo hace, VIJUAN responsable del sitio web a trav\u00e9s del cual has accedido a la presente Pol\u00edtica de [&hellip;]\" \/>\n<meta property=\"og:url\" content=\"https:\/\/www.vijuan.eu\/politica-cookies\/\" \/>\n<meta property=\"og:site_name\" content=\"VIJUAN\" \/>\n<meta property=\"article:modified_time\" content=\"2024-07-23T09:28:27+00:00\" \/>\n<meta property=\"og:image\" content=\"https:\/\/www.vijuan.eu\/wp-content\/uploads\/2024\/07\/logo.png\" \/>\n\t<meta property=\"og:image:width\" content=\"339\" \/>\n\t<meta property=\"og:image:height\" content=\"98\" \/>\n\t<meta property=\"og:image:type\" content=\"image\/png\" \/>\n<meta name=\"twitter:card\" content=\"summary_large_image\" \/>\n<meta name=\"twitter:label1\" content=\"Est. reading time\" \/>\n\t<meta name=\"twitter:data1\" content=\"4 minutes\" \/>\n<script type=\"application\/ld+json\" class=\"yoast-schema-graph\">{\"@context\":\"https:\\\/\\\/schema.org\",\"@graph\":[{\"@type\":\"WebPage\",\"@id\":\"https:\\\/\\\/www.vijuan.eu\\\/politica-cookies\\\/\",\"url\":\"https:\\\/\\\/www.vijuan.eu\\\/politica-cookies\\\/\",\"name\":\"Cookies policy | VIJUAN\",\"isPartOf\":{\"@id\":\"https:\\\/\\\/www.vijuan.eu\\\/#website\"},\"datePublished\":\"2024-03-05T19:03:52+00:00\",\"dateModified\":\"2024-07-23T09:28:27+00:00\",\"breadcrumb\":{\"@id\":\"https:\\\/\\\/www.vijuan.eu\\\/politica-cookies\\\/#breadcrumb\"},\"inLanguage\":\"en-US\",\"potentialAction\":[{\"@type\":\"ReadAction\",\"target\":[\"https:\\\/\\\/www.vijuan.eu\\\/politica-cookies\\\/\"]}]},{\"@type\":\"BreadcrumbList\",\"@id\":\"https:\\\/\\\/www.vijuan.eu\\\/politica-cookies\\\/#breadcrumb\",\"itemListElement\":[{\"@type\":\"ListItem\",\"position\":1,\"name\":\"Portada\",\"item\":\"https:\\\/\\\/www.vijuan.eu\\\/en\\\/\"},{\"@type\":\"ListItem\",\"position\":2,\"name\":\"Cookies policy\"}]},{\"@type\":\"WebSite\",\"@id\":\"https:\\\/\\\/www.vijuan.eu\\\/#website\",\"url\":\"https:\\\/\\\/www.vijuan.eu\\\/\",\"name\":\"VIJUAN\",\"description\":\"\",\"publisher\":{\"@id\":\"https:\\\/\\\/www.vijuan.eu\\\/#organization\"},\"potentialAction\":[{\"@type\":\"SearchAction\",\"target\":{\"@type\":\"EntryPoint\",\"urlTemplate\":\"https:\\\/\\\/www.vijuan.eu\\\/?s={search_term_string}\"},\"query-input\":{\"@type\":\"PropertyValueSpecification\",\"valueRequired\":true,\"valueName\":\"search_term_string\"}}],\"inLanguage\":\"en-US\"},{\"@type\":\"Organization\",\"@id\":\"https:\\\/\\\/www.vijuan.eu\\\/#organization\",\"name\":\"VIJUAN\",\"url\":\"https:\\\/\\\/www.vijuan.eu\\\/\",\"logo\":{\"@type\":\"ImageObject\",\"inLanguage\":\"en-US\",\"@id\":\"https:\\\/\\\/www.vijuan.eu\\\/#\\\/schema\\\/logo\\\/image\\\/\",\"url\":\"https:\\\/\\\/www.vijuan.eu\\\/\\\/wp-content\\\/uploads\\\/2024\\\/07\\\/logo.png\",\"contentUrl\":\"https:\\\/\\\/www.vijuan.eu\\\/\\\/wp-content\\\/uploads\\\/2024\\\/07\\\/logo.png\",\"width\":339,\"height\":98,\"caption\":\"VIJUAN\"},\"image\":{\"@id\":\"https:\\\/\\\/www.vijuan.eu\\\/#\\\/schema\\\/logo\\\/image\\\/\"}}]}<\/script>\n<!-- \/ Yoast SEO plugin. -->","yoast_head_json":{"title":"Cookies policy | VIJUAN","robots":{"index":"noindex","follow":"nofollow"},"og_locale":"en_US","og_type":"article","og_title":"Cookies policy | VIJUAN","og_description":"En la presente Pol\u00edtica de Cookies, te explicamos qu\u00e9 son las cookies, para qu\u00e9 sirven, y c\u00f3mo puedes configurarlas y\/o desactivarlas si as\u00ed lo deseas. Adem\u00e1s, te indicamos qu\u00e9 tipos de cookies utiliza, y con qu\u00e9 finalidad lo hace, VIJUAN responsable del sitio web a trav\u00e9s del cual has accedido a la presente Pol\u00edtica de [&hellip;]","og_url":"https:\/\/www.vijuan.eu\/politica-cookies\/","og_site_name":"VIJUAN","article_modified_time":"2024-07-23T09:28:27+00:00","og_image":[{"width":339,"height":98,"url":"https:\/\/www.vijuan.eu\/wp-content\/uploads\/2024\/07\/logo.png","type":"image\/png"}],"twitter_card":"summary_large_image","twitter_misc":{"Est. reading time":"4 minutes"},"schema":{"@context":"https:\/\/schema.org","@graph":[{"@type":"WebPage","@id":"https:\/\/www.vijuan.eu\/politica-cookies\/","url":"https:\/\/www.vijuan.eu\/politica-cookies\/","name":"Cookies policy | VIJUAN","isPartOf":{"@id":"https:\/\/www.vijuan.eu\/#website"},"datePublished":"2024-03-05T19:03:52+00:00","dateModified":"2024-07-23T09:28:27+00:00","breadcrumb":{"@id":"https:\/\/www.vijuan.eu\/politica-cookies\/#breadcrumb"},"inLanguage":"en-US","potentialAction":[{"@type":"ReadAction","target":["https:\/\/www.vijuan.eu\/politica-cookies\/"]}]},{"@type":"BreadcrumbList","@id":"https:\/\/www.vijuan.eu\/politica-cookies\/#breadcrumb","itemListElement":[{"@type":"ListItem","position":1,"name":"Portada","item":"https:\/\/www.vijuan.eu\/en\/"},{"@type":"ListItem","position":2,"name":"Cookies policy"}]},{"@type":"WebSite","@id":"https:\/\/www.vijuan.eu\/#website","url":"https:\/\/www.vijuan.eu\/","name":"VIJUAN","description":"","publisher":{"@id":"https:\/\/www.vijuan.eu\/#organization"},"potentialAction":[{"@type":"SearchAction","target":{"@type":"EntryPoint","urlTemplate":"https:\/\/www.vijuan.eu\/?s={search_term_string}"},"query-input":{"@type":"PropertyValueSpecification","valueRequired":true,"valueName":"search_term_string"}}],"inLanguage":"en-US"},{"@type":"Organization","@id":"https:\/\/www.vijuan.eu\/#organization","name":"VIJUAN","url":"https:\/\/www.vijuan.eu\/","logo":{"@type":"ImageObject","inLanguage":"en-US","@id":"https:\/\/www.vijuan.eu\/#\/schema\/logo\/image\/","url":"https:\/\/www.vijuan.eu\/\/wp-content\/uploads\/2024\/07\/logo.png","contentUrl":"https:\/\/www.vijuan.eu\/\/wp-content\/uploads\/2024\/07\/logo.png","width":339,"height":98,"caption":"VIJUAN"},"image":{"@id":"https:\/\/www.vijuan.eu\/#\/schema\/logo\/image\/"}}]}},"_links":{"self":[{"href":"https:\/\/www.vijuan.eu\/en\/wp-json\/wp\/v2\/pages\/892","targetHints":{"allow":["GET"]}}],"collection":[{"href":"https:\/\/www.vijuan.eu\/en\/wp-json\/wp\/v2\/pages"}],"about":[{"href":"https:\/\/www.vijuan.eu\/en\/wp-json\/wp\/v2\/types\/page"}],"author":[{"embeddable":true,"href":"https:\/\/www.vijuan.eu\/en\/wp-json\/wp\/v2\/users\/2"}],"replies":[{"embeddable":true,"href":"https:\/\/www.vijuan.eu\/en\/wp-json\/wp\/v2\/comments?post=892"}],"version-history":[{"count":3,"href":"https:\/\/www.vijuan.eu\/en\/wp-json\/wp\/v2\/pages\/892\/revisions"}],"predecessor-version":[{"id":2765,"href":"https:\/\/www.vijuan.eu\/en\/wp-json\/wp\/v2\/pages\/892\/revisions\/2765"}],"wp:attachment":[{"href":"https:\/\/www.vijuan.eu\/en\/wp-json\/wp\/v2\/media?parent=892"}],"curies":[{"name":"wp","href":"https:\/\/api.w.org\/{rel}","templated":true}]}}