{"id":898,"date":"2024-04-04T12:24:56","date_gmt":"2024-04-04T10:24:56","guid":{"rendered":"https:\/\/www.vijuan.eu\/web\/terminos-legales\/"},"modified":"2024-07-23T11:41:49","modified_gmt":"2024-07-23T09:41:49","slug":"terms-and-conditions","status":"publish","type":"page","link":"https:\/\/www.vijuan.eu\/en\/terms-and-conditions\/","title":{"rendered":"Terms and conditions"},"content":{"rendered":"\n<h2 class=\"wp-block-heading\"><strong>CONTENIDOS<\/strong><\/h2>\n\n\n\n<p>La p\u00e1gina www.vijuan.eu proporciona a las personas usuarias de la misma, el acceso a multitud de informaciones, servicios, programas o datos (en adelante, \u201clos contenidos\u201d) en Internet, pertenecientes a VIJUAN, S.A. Si bien VIJUAN act\u00faa de buena fe, no se hace responsable, directa o subsidiariamente, de cuantas reclamaciones puedan derivarse de la calidad, fiabilidad, exactitud o correcci\u00f3n de dichos contenidos.<\/p>\n\n\n\n<p>Las personas usuarias se comprometen a realizar un uso adecuado de los contenidos que la p\u00e1gina ofrece a trav\u00e9s de la www.vijuan.eu y con car\u00e1cter enunciativo pero no limitativo, a no emplearlos para: (i) incurrir en actividades il\u00edcitas, ilegales o contrarias a la buena fe, la moral, las buenas costumbres y\/o al orden o a la seguridad p\u00fablica; (ii) difundir contenidos, comentarios o propaganda de car\u00e1cter racista, xen\u00f3fobo, pornogr\u00e1fico, de apolog\u00eda del terrorismo, que atenten contra la juventud o la infancia o contra los derechos humanos; (iii) provocar da\u00f1os en los sistemas f\u00edsicos y l\u00f3gicos de VIJUAN o de sus proveedores o de terceras personas o manipular dichos sistemas o introducir o difundir en la red virus inform\u00e1ticos o cualesquiera otros sistemas f\u00edsicos o l\u00f3gicos que sean susceptibles de provocar los da\u00f1os anteriormente mencionados; (iv) intentar acceder y, en su caso, utilizar o manipular las cuentas de correo electr\u00f3nico de otros usuarios y modificar o manipular sus mensajes o violar la privacidad e intimidad o cualquier otro derecho fundamental de los mismos o realizar cualquier acci\u00f3n que impida o dificulte el acceso a la p\u00e1gina por los usuarios; (v) introducir, almacenar o difundir mediante cualquier medio o soporte, cualquier comentario y\/o contenido que infrinjan cualquier derecho de VIJUAN o de cualquier tercero y en particular los derechos de propiedad intelectual o industrial; (vi) utilizar los contenidos para promocionar, vender, contratar, divulgar publicidad o informaci\u00f3n propia o de terceras personas sin autorizaci\u00f3n previa, expresa y por escrito de VIJUAN; (vii) realizar cualquier acci\u00f3n que suponga la reproducci\u00f3n, distribuci\u00f3n, copia, alquiler, venta, comunicaci\u00f3n p\u00fablica, transformaci\u00f3n o cualquier otra acci\u00f3n que suponga la modificaci\u00f3n o alteraci\u00f3n, de todo o parte de los contenidos de esta p\u00e1gina o la explotaci\u00f3n de los mismos a t\u00edtulo lucrativo o gratuito, sin la autorizaci\u00f3n previa y por escrito de VIJUAN; (viii) utilizar los contenidos ofrecidos a trav\u00e9s de dicha p\u00e1gina de forma contraria a los t\u00e9rminos y condiciones de uso y a la pol\u00edtica de privacidad y a las condiciones particulares que regulen el uso de un determinado servicio y\/o contenido.<\/p>\n\n\n\n<p>Los T\u00e9rminos y Condiciones aqu\u00ed establecidos lo son sin perjuicio de las obligaciones y deberes que legalmente corresponden al usuario cumplir, con arreglo a cualquier norma de aplicaci\u00f3n, con independencia de su rango u \u00f3rgano emisor incluidos los judiciales o transnacionales.<\/p>\n\n\n\n<h2 class=\"wp-block-heading\"><strong>PROPIEDAD INTELECTUAL E INDUSTRIAL<\/strong><\/h2>\n\n\n\n<p>Todos los contenidos, as\u00ed como los elementos insertados en los mismos (que incluyen, entre otros, datos, im\u00e1genes, fotograf\u00edas, gr\u00e1ficos, animaciones, creatividades, sonido, audio, v\u00eddeo, dibujos, software o textos, marcas o logotipos, nombres comerciales o signos distintivos, combinaciones de colores, estructura y dise\u00f1o, selecci\u00f3n de materiales usados, programas de ordenador necesarios para su funcionamiento, acceso y uso, etc.) son propiedad de VIJUAN o, en su caso, de terceras entidades o individuos y se encuentran protegidos por las leyes vigentes en materia de propiedad industrial e intelectual.<\/p>\n\n\n\n<p>&nbsp;La prestaci\u00f3n de los servicios y publicaci\u00f3n de los contenidos a trav\u00e9s de la p\u00e1gina no implicar\u00e1 en ning\u00fan caso la cesi\u00f3n, renuncia o transmisi\u00f3n, total o parcial, de la titularidad de los correspondientes derechos de propiedad intelectual e industrial, ni de cualquier otro derecho.<\/p>\n\n\n\n<p>&nbsp;Asimismo, el usuario no podr\u00e1 utilizar, difundir, distribuir, publicar, exportar, explotar, reproducir ni copiar todo o parte del contenido o del dise\u00f1o de la presente p\u00e1gina (incluyendo marca gr\u00e1fica, denominativa, leyenda, comentarios, frases, etc.) sin el previo consentimiento expreso y por escrito de VIJUAN.<\/p>\n\n\n\n<p>&nbsp;Las ideas, sugerencias, comentarios facilitados por el usuario a trav\u00e9s de los contenidos supone la cesi\u00f3n, con car\u00e1cter exclusivo y transferible, sin limitaci\u00f3n territorial ni temporal y con car\u00e1cter gratuito, a VIJUAN de todos los derechos de uso, distribuci\u00f3n, explotaci\u00f3n, exportaci\u00f3n, publicaci\u00f3n, difusi\u00f3n, reproducci\u00f3n de aquellas ideas, sugerencia o comentarios en www.vijuan.eu o en cualquier otro medio o soporte \u201con\u201d y \u201coff line\u201d que estimen oportunos, a t\u00edtulo gratuito u oneroso, pudiendo llevar a cabo su alteraci\u00f3n, transformaci\u00f3n, modificaci\u00f3n que se deriven de los mismos, no dando lugar a derecho alguno de compensaci\u00f3n, indemnizaci\u00f3n o reembolso o pago de tarifas u otros derechos econ\u00f3micos de naturaleza alguna a favor de los usuarios.<\/p>\n\n\n\n<h2 class=\"wp-block-heading\"><strong>RESPONSABILIDAD<\/strong><\/h2>\n\n\n\n<p>Las personas usuarias asumen la responsabilidad del uso de esta p\u00e1gina y responder\u00e1n personalmente de los da\u00f1os y perjuicios de cualquier naturaleza causados a VIJUAN y\/o a cualquier otro usuario o tercero por el incumplimiento de los presentes T\u00e9rminos y Condiciones.<\/p>\n\n\n\n<p>VIJUAN se reserva el derecho de retirar todos aquellos comentarios o contenidos publicados por el usuario en la p\u00e1gina que a su juicio no resultaran adecuados para su publicaci\u00f3n o de exigir al usuario su retirada inmediata, as\u00ed como denegar o retirar el acceso a esta p\u00e1gina y\/o a los contenidos ofrecidos, a instancias propias o de un tercero, a aquellas personas usuarias que incumplan los presentes T\u00e9rminos y Condiciones.<\/p>\n\n\n\n<p>&nbsp;Asimismo, VIJUAN se reserva el derecho de solicitar la retirada inmediata de cualquier enlace, comentario o contenido en relaci\u00f3n con la presente p\u00e1gina que haya sido utilizado, difundido, distribuido, publicado, exportado, explotado, reproducido o copiado infringiendo lo estipulado en los presentes T\u00e9rminos y Condiciones por cualquier medio y en cualquier soporte.<\/p>\n\n\n\n<p>VIJUAN perseguir\u00e1 el incumplimiento de los presentes T\u00e9rminos y Condiciones, as\u00ed como cualquier utilizaci\u00f3n indebida de la p\u00e1gina ejerciendo todas las acciones, incluidas las penales que le puedan corresponder en derecho.<\/p>\n\n\n\n<p>VIJUAN no se hace responsable, en ning\u00fan caso, de los da\u00f1os y perjuicios de cualquier naturaleza que se pudieran ocasionar, a t\u00edtulo enunciativo que no limitativo, por errores u omisiones en los contenidos, falta de disponibilidad t\u00e9cnica calidad, fiabilidad, exactitud, amplitud, veracidad y validez de esta p\u00e1gina y de los contenidos o la transmisi\u00f3n de virus o programas maliciosos o lesivos, a pesar de haber adoptado todas las medidas tecnol\u00f3gicas necesarias para evitarlo.<\/p>\n\n\n\n<h2 class=\"wp-block-heading\"><strong>MODIFICACI\u00d3N \/ ACTUALIZACI\u00d3N<\/strong><\/h2>\n\n\n\n<p>VIJUAN&nbsp; podr\u00e1 efectuar las modificaciones que considere oportunas en los contenidos, pudiendo cambiar o suprimir los mismos, total o parcialmente, y la forma en la que \u00e9stos aparezcan presentados o localizados.<\/p>\n\n\n\n<p>VIJUAN podr\u00e1 en cualquier momento modificar los presentes T\u00e9rminos y Condiciones, as\u00ed como la Pol\u00edtica de Privacidad para adaptarlos a las novedades legislativas, o por decisiones corporativas estrat\u00e9gicas. Asimismo, se recomienda al usuario acceder a los mismos cada vez que pretenda hacer uso de los contenidos de la p\u00e1gina.<\/p>\n\n\n\n<p>&nbsp;La vigencia de los T\u00e9rminos y Condiciones y la Pol\u00edtica de Privacidad se desplegar\u00e1 de manera indefinida hasta que sean modificados o sustituidos, total o parcialmente, por otras debidamente publicadas en la p\u00e1gina www.vijuan.eu.<\/p>\n\n\n\n<h2 class=\"wp-block-heading\"><strong>ENLACES O HIPERV\u00cdNCULOS<\/strong><\/h2>\n\n\n\n<p>Si en esta p\u00e1gina realiza enlaces o hiperv\u00ednculos hacia otros sitios de Internet, VIJUAN no ejercer\u00e1 ning\u00fan tipo de control sobre dichos sitios y contenidos.<\/p>\n\n\n\n<p>En ning\u00fan caso VIJUAN asumir\u00e1 responsabilidad alguna por los contenidos de alg\u00fan enlace o hiperv\u00ednculos pertenecientes a un sitio web ajeno a VIJUAN, ni garantizar\u00e1 la disponibilidad t\u00e9cnica, calidad, fiabilidad, exactitud, amplitud, veracidad y validez de cualquier material o informaci\u00f3n contenida en ninguno de dichos hiperv\u00ednculos u de otros sitios de Internet.<\/p>\n\n\n\n<h2 class=\"wp-block-heading\"><strong>LEGISLACI\u00d3N Y JURISDICCI\u00d3N<\/strong><\/h2>\n\n\n\n<p>La relaci\u00f3n entre VIJUAN y el usuario se regir\u00e1 por la normativa espa\u00f1ola vigente y cualquier controversia se someter\u00e1 a los Juzgados y Tribunales de la ciudad de Bilbao.<\/p>\n\n\n\n<h2 class=\"wp-block-heading\">POL\u00cdTICA DE PRIVACIDAD<\/h2>\n\n\n\n<p><strong>INFORMACI\u00d3N RECOPILADA<br><\/strong>Contacto: cuando las personas usuarias se registran en nuestra p\u00e1gina, podemos recoger diversos tipos de informaci\u00f3n personal que incluyen, a t\u00edtulo enunciativo, pero no limitativo, su nombre, apellidos, correo electr\u00f3nico y comentarios.<\/p>\n\n\n\n<p><strong>USO DE SU INFORMACI\u00d3N<br><\/strong>En cumplimiento de lo dispuesto en la Ley Org\u00e1nica 15\/1999, de 13 de diciembre, de Protecci\u00f3n de Datos de Car\u00e1cter Personal (en adelante, la LOPD) y en el Real Decreto 1720\/2007, de 21 de diciembre, por el que se aprueba el Reglamento de desarrollo de la LOPD, VIJUAN, como responsable de fichero en el cual se contendr\u00e1n los datos personales de las personas usuarias, les informa a continuaci\u00f3n de que la utilizaci\u00f3n de cualquier contenido de la presente p\u00e1gina supone la aceptaci\u00f3n expresa y plena de la presente Pol\u00edtica de Privacidad y del tratamiento de sus datos.<\/p>\n\n\n\n<p>La finalidad del tratamiento de los datos consiste en recabar los datos de contacto con la finalidad de ponerse en contacto con el usuario para ofrecerle los productos y servicios proporcionados por VIJUAN, as\u00ed como para dar respuesta a los requerimientos o solicitudes emitidas por los usuarios.<\/p>\n\n\n\n<p><strong>INFORMACI\u00d3N GENERAL<br><\/strong>Cada vez que nos visita online, recopilamos informaci\u00f3n general sobre el uso que hace de nuestra p\u00e1gina. Podemos recoger informaciones, tales como los puntos de entrada a nuestra P\u00e1gina en la red, as\u00ed como los de salida (por ejemplo, URL o dominios de referencia); estad\u00edsticas sobre la circulaci\u00f3n por la p\u00e1gina; visita de p\u00e1ginas; impresiones y tipo de sistema operativo y \u2018browser\u2019. Adem\u00e1s, cuando los usuarios solicitan p\u00e1ginas de nuestra P\u00e1gina, nuestros servidores podr\u00e1n registrar autom\u00e1ticamente la direcci\u00f3n de IP que accede a las diferentes p\u00e1ginas.<\/p>\n\n\n\n<p>Esta informaci\u00f3n general no le identificar\u00e1 personalmente ni ser\u00e1 correlacionada con usted para fines externos. Podremos recoger, compilar o de otro modo revelar o usar informaci\u00f3n general concreta, o toda ella, siempre que \u00e9sta no le identifique personalmente. Cuando la compartimos con otras empresas, \u00e9sta no est\u00e1 a disposici\u00f3n de ning\u00fan otro usuario, y no ser\u00e1 utilizada para contactar con usted y se usar\u00e1 \u00fanicamente a los fines establecidos en los T\u00e9rminos y Condiciones y Pol\u00edtica de Privacidad aqu\u00ed contenidos.<\/p>\n\n\n\n<p>Usted podr\u00e1 ejercitar los derechos de acceso, cancelaci\u00f3n, rectificaci\u00f3n y oposici\u00f3n de sus datos personales registrados, a trav\u00e9s del correo electr\u00f3nico info@vijuan.eu<\/p>\n","protected":false},"excerpt":{"rendered":"<p>CONTENIDOS La p\u00e1gina www.vijuan.eu proporciona a las personas usuarias de la misma, el acceso a multitud de informaciones, servicios, programas o datos (en adelante, \u201clos contenidos\u201d) en Internet, pertenecientes a VIJUAN, S.A. Si bien VIJUAN act\u00faa de buena fe, no se hace responsable, directa o subsidiariamente, de cuantas reclamaciones puedan derivarse de la calidad, fiabilidad, [&hellip;]<\/p>\n","protected":false},"author":2,"featured_media":0,"parent":0,"menu_order":60,"comment_status":"closed","ping_status":"closed","template":"","meta":{"_acf_changed":false,"footnotes":""},"class_list":["post-898","page","type-page","status-publish","hentry"],"acf":[],"yoast_head":"<!-- This site is optimized with the Yoast SEO plugin v27.5 - https:\/\/yoast.com\/product\/yoast-seo-wordpress\/ -->\n<title>Terms and conditions | VIJUAN<\/title>\n<meta name=\"robots\" content=\"noindex, nofollow\" \/>\n<meta property=\"og:locale\" content=\"en_US\" \/>\n<meta property=\"og:type\" content=\"article\" \/>\n<meta property=\"og:title\" content=\"Terms and conditions | VIJUAN\" \/>\n<meta property=\"og:description\" content=\"CONTENIDOS La p\u00e1gina www.vijuan.eu proporciona a las personas usuarias de la misma, el acceso a multitud de informaciones, servicios, programas o datos (en adelante, \u201clos contenidos\u201d) en Internet, pertenecientes a VIJUAN, S.A. Si bien VIJUAN act\u00faa de buena fe, no se hace responsable, directa o subsidiariamente, de cuantas reclamaciones puedan derivarse de la calidad, fiabilidad, [&hellip;]\" \/>\n<meta property=\"og:url\" content=\"https:\/\/www.vijuan.eu\/terminos-legales\/\" \/>\n<meta property=\"og:site_name\" content=\"VIJUAN\" \/>\n<meta property=\"article:modified_time\" content=\"2024-07-23T09:41:49+00:00\" \/>\n<meta property=\"og:image\" content=\"https:\/\/www.vijuan.eu\/wp-content\/uploads\/2024\/07\/logo.png\" \/>\n\t<meta property=\"og:image:width\" content=\"339\" \/>\n\t<meta property=\"og:image:height\" content=\"98\" \/>\n\t<meta property=\"og:image:type\" content=\"image\/png\" \/>\n<meta name=\"twitter:card\" content=\"summary_large_image\" \/>\n<meta name=\"twitter:label1\" content=\"Est. reading time\" \/>\n\t<meta name=\"twitter:data1\" content=\"8 minutes\" \/>\n<script type=\"application\/ld+json\" class=\"yoast-schema-graph\">{\"@context\":\"https:\\\/\\\/schema.org\",\"@graph\":[{\"@type\":\"WebPage\",\"@id\":\"https:\\\/\\\/www.vijuan.eu\\\/terminos-legales\\\/\",\"url\":\"https:\\\/\\\/www.vijuan.eu\\\/terminos-legales\\\/\",\"name\":\"Terms and conditions | VIJUAN\",\"isPartOf\":{\"@id\":\"https:\\\/\\\/www.vijuan.eu\\\/#website\"},\"datePublished\":\"2024-04-04T10:24:56+00:00\",\"dateModified\":\"2024-07-23T09:41:49+00:00\",\"breadcrumb\":{\"@id\":\"https:\\\/\\\/www.vijuan.eu\\\/terminos-legales\\\/#breadcrumb\"},\"inLanguage\":\"en-US\",\"potentialAction\":[{\"@type\":\"ReadAction\",\"target\":[\"https:\\\/\\\/www.vijuan.eu\\\/terminos-legales\\\/\"]}]},{\"@type\":\"BreadcrumbList\",\"@id\":\"https:\\\/\\\/www.vijuan.eu\\\/terminos-legales\\\/#breadcrumb\",\"itemListElement\":[{\"@type\":\"ListItem\",\"position\":1,\"name\":\"Portada\",\"item\":\"https:\\\/\\\/www.vijuan.eu\\\/en\\\/\"},{\"@type\":\"ListItem\",\"position\":2,\"name\":\"Terms and conditions\"}]},{\"@type\":\"WebSite\",\"@id\":\"https:\\\/\\\/www.vijuan.eu\\\/#website\",\"url\":\"https:\\\/\\\/www.vijuan.eu\\\/\",\"name\":\"VIJUAN\",\"description\":\"\",\"publisher\":{\"@id\":\"https:\\\/\\\/www.vijuan.eu\\\/#organization\"},\"potentialAction\":[{\"@type\":\"SearchAction\",\"target\":{\"@type\":\"EntryPoint\",\"urlTemplate\":\"https:\\\/\\\/www.vijuan.eu\\\/?s={search_term_string}\"},\"query-input\":{\"@type\":\"PropertyValueSpecification\",\"valueRequired\":true,\"valueName\":\"search_term_string\"}}],\"inLanguage\":\"en-US\"},{\"@type\":\"Organization\",\"@id\":\"https:\\\/\\\/www.vijuan.eu\\\/#organization\",\"name\":\"VIJUAN\",\"url\":\"https:\\\/\\\/www.vijuan.eu\\\/\",\"logo\":{\"@type\":\"ImageObject\",\"inLanguage\":\"en-US\",\"@id\":\"https:\\\/\\\/www.vijuan.eu\\\/#\\\/schema\\\/logo\\\/image\\\/\",\"url\":\"https:\\\/\\\/www.vijuan.eu\\\/\\\/wp-content\\\/uploads\\\/2024\\\/07\\\/logo.png\",\"contentUrl\":\"https:\\\/\\\/www.vijuan.eu\\\/\\\/wp-content\\\/uploads\\\/2024\\\/07\\\/logo.png\",\"width\":339,\"height\":98,\"caption\":\"VIJUAN\"},\"image\":{\"@id\":\"https:\\\/\\\/www.vijuan.eu\\\/#\\\/schema\\\/logo\\\/image\\\/\"}}]}<\/script>\n<!-- \/ Yoast SEO plugin. -->","yoast_head_json":{"title":"Terms and conditions | VIJUAN","robots":{"index":"noindex","follow":"nofollow"},"og_locale":"en_US","og_type":"article","og_title":"Terms and conditions | VIJUAN","og_description":"CONTENIDOS La p\u00e1gina www.vijuan.eu proporciona a las personas usuarias de la misma, el acceso a multitud de informaciones, servicios, programas o datos (en adelante, \u201clos contenidos\u201d) en Internet, pertenecientes a VIJUAN, S.A. Si bien VIJUAN act\u00faa de buena fe, no se hace responsable, directa o subsidiariamente, de cuantas reclamaciones puedan derivarse de la calidad, fiabilidad, [&hellip;]","og_url":"https:\/\/www.vijuan.eu\/terminos-legales\/","og_site_name":"VIJUAN","article_modified_time":"2024-07-23T09:41:49+00:00","og_image":[{"width":339,"height":98,"url":"https:\/\/www.vijuan.eu\/wp-content\/uploads\/2024\/07\/logo.png","type":"image\/png"}],"twitter_card":"summary_large_image","twitter_misc":{"Est. reading time":"8 minutes"},"schema":{"@context":"https:\/\/schema.org","@graph":[{"@type":"WebPage","@id":"https:\/\/www.vijuan.eu\/terminos-legales\/","url":"https:\/\/www.vijuan.eu\/terminos-legales\/","name":"Terms and conditions | VIJUAN","isPartOf":{"@id":"https:\/\/www.vijuan.eu\/#website"},"datePublished":"2024-04-04T10:24:56+00:00","dateModified":"2024-07-23T09:41:49+00:00","breadcrumb":{"@id":"https:\/\/www.vijuan.eu\/terminos-legales\/#breadcrumb"},"inLanguage":"en-US","potentialAction":[{"@type":"ReadAction","target":["https:\/\/www.vijuan.eu\/terminos-legales\/"]}]},{"@type":"BreadcrumbList","@id":"https:\/\/www.vijuan.eu\/terminos-legales\/#breadcrumb","itemListElement":[{"@type":"ListItem","position":1,"name":"Portada","item":"https:\/\/www.vijuan.eu\/en\/"},{"@type":"ListItem","position":2,"name":"Terms and conditions"}]},{"@type":"WebSite","@id":"https:\/\/www.vijuan.eu\/#website","url":"https:\/\/www.vijuan.eu\/","name":"VIJUAN","description":"","publisher":{"@id":"https:\/\/www.vijuan.eu\/#organization"},"potentialAction":[{"@type":"SearchAction","target":{"@type":"EntryPoint","urlTemplate":"https:\/\/www.vijuan.eu\/?s={search_term_string}"},"query-input":{"@type":"PropertyValueSpecification","valueRequired":true,"valueName":"search_term_string"}}],"inLanguage":"en-US"},{"@type":"Organization","@id":"https:\/\/www.vijuan.eu\/#organization","name":"VIJUAN","url":"https:\/\/www.vijuan.eu\/","logo":{"@type":"ImageObject","inLanguage":"en-US","@id":"https:\/\/www.vijuan.eu\/#\/schema\/logo\/image\/","url":"https:\/\/www.vijuan.eu\/\/wp-content\/uploads\/2024\/07\/logo.png","contentUrl":"https:\/\/www.vijuan.eu\/\/wp-content\/uploads\/2024\/07\/logo.png","width":339,"height":98,"caption":"VIJUAN"},"image":{"@id":"https:\/\/www.vijuan.eu\/#\/schema\/logo\/image\/"}}]}},"_links":{"self":[{"href":"https:\/\/www.vijuan.eu\/en\/wp-json\/wp\/v2\/pages\/898","targetHints":{"allow":["GET"]}}],"collection":[{"href":"https:\/\/www.vijuan.eu\/en\/wp-json\/wp\/v2\/pages"}],"about":[{"href":"https:\/\/www.vijuan.eu\/en\/wp-json\/wp\/v2\/types\/page"}],"author":[{"embeddable":true,"href":"https:\/\/www.vijuan.eu\/en\/wp-json\/wp\/v2\/users\/2"}],"replies":[{"embeddable":true,"href":"https:\/\/www.vijuan.eu\/en\/wp-json\/wp\/v2\/comments?post=898"}],"version-history":[{"count":2,"href":"https:\/\/www.vijuan.eu\/en\/wp-json\/wp\/v2\/pages\/898\/revisions"}],"predecessor-version":[{"id":2766,"href":"https:\/\/www.vijuan.eu\/en\/wp-json\/wp\/v2\/pages\/898\/revisions\/2766"}],"wp:attachment":[{"href":"https:\/\/www.vijuan.eu\/en\/wp-json\/wp\/v2\/media?parent=898"}],"curies":[{"name":"wp","href":"https:\/\/api.w.org\/{rel}","templated":true}]}}