{"id":907,"date":"2024-03-05T17:53:09","date_gmt":"2024-03-05T16:53:09","guid":{"rendered":"https:\/\/www.vijuan.eu\/web\/home\/"},"modified":"2024-07-23T11:23:28","modified_gmt":"2024-07-23T09:23:28","slug":"home","status":"publish","type":"page","link":"https:\/\/www.vijuan.eu\/en\/","title":{"rendered":"Home"},"content":{"rendered":"\n<p>Si buscas un carburador de calidad para tu moto, scooter, minimoto o maquinaria agr\u00edcola, est\u00e1s en el lugar adecuado. En nuestra p\u00e1gina web encontrar\u00e1s los mejores carburadores ARRECHE, una marca con m\u00e1s de 50 a\u00f1os de experiencia en la fabricaci\u00f3n de carburadores.<\/p>\n\n\n\n<p>Los carburadores ARRECHE son compatibles con todo tipo de marcas y modelos existentes en el mercado. Su difusor puede tener desde 12 hasta 24 mm de di\u00e1metro, y sus adaptaciones al filtro de aire original y al motor son las mismas que los carburadores de origen.<\/p>\n\n\n\n<p>Tenemos una amplia gama de carburadores y recambios para diferentes tipos de veh\u00edculos y usos:<\/p>\n\n\n\n<ul class=\"wp-block-list\">\n<li>Carburadores y recambios modelo 200 para motocicletas y ciclomotores.<\/li>\n\n\n\n<li>Carburadores y recambios modelo 200 para maquinaria agr\u00edcola.<\/li>\n\n\n\n<li>Carburadores y recambios modelo 400 para ciclomotores.<\/li>\n\n\n\n<li>Carburadores y recambios modelo 500 para motocicletas.<\/li>\n\n\n\n<li>Carburadores y recambios modelos 500 y 800 para scooters y motocicletas.<\/li>\n\n\n\n<li>Carburadores kit competici\u00f3n modelo 824 para los m\u00e1s exigentes.<\/li>\n\n\n\n<li>Carburadores y accesorios para minimotos.<\/li>\n\n\n\n<li>Pu\u00f1os de aceleraci\u00f3n.<\/li>\n<\/ul>\n","protected":false},"excerpt":{"rendered":"<p>Si buscas un carburador de calidad para tu moto, scooter, minimoto o maquinaria agr\u00edcola, est\u00e1s en el lugar adecuado. En nuestra p\u00e1gina web encontrar\u00e1s los mejores carburadores ARRECHE, una marca con m\u00e1s de 50 a\u00f1os de experiencia en la fabricaci\u00f3n de carburadores. Los carburadores ARRECHE son compatibles con todo tipo de marcas y modelos existentes [&hellip;]<\/p>\n","protected":false},"author":2,"featured_media":694,"parent":0,"menu_order":1,"comment_status":"closed","ping_status":"closed","template":"","meta":{"_acf_changed":false,"footnotes":""},"class_list":["post-907","page","type-page","status-publish","has-post-thumbnail","hentry"],"acf":[],"yoast_head":"<!-- This site is optimized with the Yoast SEO plugin v27.5 - https:\/\/yoast.com\/product\/yoast-seo-wordpress\/ -->\n<title>Home | VIJUAN<\/title>\n<meta name=\"description\" content=\"Los carburadores ARRECHE son compatibles con todo tipo de marcas y modelos existentes en el mercado. Amplia gama de carburadores y recambios.\" \/>\n<meta name=\"robots\" content=\"index, follow, max-snippet:-1, max-image-preview:large, max-video-preview:-1\" \/>\n<link rel=\"canonical\" href=\"https:\/\/www.vijuan.eu\/en\/\" \/>\n<meta property=\"og:locale\" content=\"en_US\" \/>\n<meta property=\"og:type\" content=\"article\" \/>\n<meta property=\"og:title\" content=\"Home | VIJUAN\" \/>\n<meta property=\"og:description\" content=\"Los carburadores ARRECHE son compatibles con todo tipo de marcas y modelos existentes en el mercado. Amplia gama de carburadores y recambios.\" \/>\n<meta property=\"og:url\" content=\"https:\/\/www.vijuan.eu\/en\/\" \/>\n<meta property=\"og:site_name\" content=\"VIJUAN\" \/>\n<meta property=\"article:modified_time\" content=\"2024-07-23T09:23:28+00:00\" \/>\n<meta property=\"og:image\" content=\"https:\/\/www.vijuan.eu\/\/wp-content\/uploads\/2024\/03\/header-home-scaled.jpg\" \/>\n\t<meta property=\"og:image:width\" content=\"2560\" \/>\n\t<meta property=\"og:image:height\" content=\"1125\" \/>\n\t<meta property=\"og:image:type\" content=\"image\/jpeg\" \/>\n<meta name=\"twitter:card\" content=\"summary_large_image\" \/>\n<meta name=\"twitter:label1\" content=\"Est. reading time\" \/>\n\t<meta name=\"twitter:data1\" content=\"1 minute\" \/>\n<script type=\"application\/ld+json\" class=\"yoast-schema-graph\">{\"@context\":\"https:\\\/\\\/schema.org\",\"@graph\":[{\"@type\":\"WebPage\",\"@id\":\"https:\\\/\\\/www.vijuan.eu\\\/en\\\/\",\"url\":\"https:\\\/\\\/www.vijuan.eu\\\/en\\\/\",\"name\":\"Home | VIJUAN\",\"isPartOf\":{\"@id\":\"https:\\\/\\\/www.vijuan.eu\\\/#website\"},\"primaryImageOfPage\":{\"@id\":\"https:\\\/\\\/www.vijuan.eu\\\/en\\\/#primaryimage\"},\"image\":{\"@id\":\"https:\\\/\\\/www.vijuan.eu\\\/en\\\/#primaryimage\"},\"thumbnailUrl\":\"https:\\\/\\\/www.vijuan.eu\\\/wp-content\\\/uploads\\\/2024\\\/03\\\/header-home-scaled.jpg\",\"datePublished\":\"2024-03-05T16:53:09+00:00\",\"dateModified\":\"2024-07-23T09:23:28+00:00\",\"description\":\"Los carburadores ARRECHE son compatibles con todo tipo de marcas y modelos existentes en el mercado. Amplia gama de carburadores y recambios.\",\"breadcrumb\":{\"@id\":\"https:\\\/\\\/www.vijuan.eu\\\/en\\\/#breadcrumb\"},\"inLanguage\":\"en-US\",\"potentialAction\":[{\"@type\":\"ReadAction\",\"target\":[\"https:\\\/\\\/www.vijuan.eu\\\/en\\\/\"]}]},{\"@type\":\"ImageObject\",\"inLanguage\":\"en-US\",\"@id\":\"https:\\\/\\\/www.vijuan.eu\\\/en\\\/#primaryimage\",\"url\":\"https:\\\/\\\/www.vijuan.eu\\\/wp-content\\\/uploads\\\/2024\\\/03\\\/header-home-scaled.jpg\",\"contentUrl\":\"https:\\\/\\\/www.vijuan.eu\\\/wp-content\\\/uploads\\\/2024\\\/03\\\/header-home-scaled.jpg\",\"width\":2560,\"height\":1125},{\"@type\":\"BreadcrumbList\",\"@id\":\"https:\\\/\\\/www.vijuan.eu\\\/en\\\/#breadcrumb\",\"itemListElement\":[{\"@type\":\"ListItem\",\"position\":1,\"name\":\"Portada\",\"item\":\"https:\\\/\\\/www.vijuan.eu\\\/en\\\/\"},{\"@type\":\"ListItem\",\"position\":2,\"name\":\"Home\"}]},{\"@type\":\"WebSite\",\"@id\":\"https:\\\/\\\/www.vijuan.eu\\\/#website\",\"url\":\"https:\\\/\\\/www.vijuan.eu\\\/\",\"name\":\"VIJUAN\",\"description\":\"\",\"publisher\":{\"@id\":\"https:\\\/\\\/www.vijuan.eu\\\/#organization\"},\"potentialAction\":[{\"@type\":\"SearchAction\",\"target\":{\"@type\":\"EntryPoint\",\"urlTemplate\":\"https:\\\/\\\/www.vijuan.eu\\\/?s={search_term_string}\"},\"query-input\":{\"@type\":\"PropertyValueSpecification\",\"valueRequired\":true,\"valueName\":\"search_term_string\"}}],\"inLanguage\":\"en-US\"},{\"@type\":\"Organization\",\"@id\":\"https:\\\/\\\/www.vijuan.eu\\\/#organization\",\"name\":\"VIJUAN\",\"url\":\"https:\\\/\\\/www.vijuan.eu\\\/\",\"logo\":{\"@type\":\"ImageObject\",\"inLanguage\":\"en-US\",\"@id\":\"https:\\\/\\\/www.vijuan.eu\\\/#\\\/schema\\\/logo\\\/image\\\/\",\"url\":\"https:\\\/\\\/www.vijuan.eu\\\/\\\/wp-content\\\/uploads\\\/2024\\\/07\\\/logo.png\",\"contentUrl\":\"https:\\\/\\\/www.vijuan.eu\\\/\\\/wp-content\\\/uploads\\\/2024\\\/07\\\/logo.png\",\"width\":339,\"height\":98,\"caption\":\"VIJUAN\"},\"image\":{\"@id\":\"https:\\\/\\\/www.vijuan.eu\\\/#\\\/schema\\\/logo\\\/image\\\/\"}}]}<\/script>\n<!-- \/ Yoast SEO plugin. -->","yoast_head_json":{"title":"Home | VIJUAN","description":"Los carburadores ARRECHE son compatibles con todo tipo de marcas y modelos existentes en el mercado. Amplia gama de carburadores y recambios.","robots":{"index":"index","follow":"follow","max-snippet":"max-snippet:-1","max-image-preview":"max-image-preview:large","max-video-preview":"max-video-preview:-1"},"canonical":"https:\/\/www.vijuan.eu\/en\/","og_locale":"en_US","og_type":"article","og_title":"Home | VIJUAN","og_description":"Los carburadores ARRECHE son compatibles con todo tipo de marcas y modelos existentes en el mercado. Amplia gama de carburadores y recambios.","og_url":"https:\/\/www.vijuan.eu\/en\/","og_site_name":"VIJUAN","article_modified_time":"2024-07-23T09:23:28+00:00","og_image":[{"width":2560,"height":1125,"url":"https:\/\/www.vijuan.eu\/\/wp-content\/uploads\/2024\/03\/header-home-scaled.jpg","type":"image\/jpeg"}],"twitter_card":"summary_large_image","twitter_misc":{"Est. reading time":"1 minute"},"schema":{"@context":"https:\/\/schema.org","@graph":[{"@type":"WebPage","@id":"https:\/\/www.vijuan.eu\/en\/","url":"https:\/\/www.vijuan.eu\/en\/","name":"Home | VIJUAN","isPartOf":{"@id":"https:\/\/www.vijuan.eu\/#website"},"primaryImageOfPage":{"@id":"https:\/\/www.vijuan.eu\/en\/#primaryimage"},"image":{"@id":"https:\/\/www.vijuan.eu\/en\/#primaryimage"},"thumbnailUrl":"https:\/\/www.vijuan.eu\/wp-content\/uploads\/2024\/03\/header-home-scaled.jpg","datePublished":"2024-03-05T16:53:09+00:00","dateModified":"2024-07-23T09:23:28+00:00","description":"Los carburadores ARRECHE son compatibles con todo tipo de marcas y modelos existentes en el mercado. Amplia gama de carburadores y recambios.","breadcrumb":{"@id":"https:\/\/www.vijuan.eu\/en\/#breadcrumb"},"inLanguage":"en-US","potentialAction":[{"@type":"ReadAction","target":["https:\/\/www.vijuan.eu\/en\/"]}]},{"@type":"ImageObject","inLanguage":"en-US","@id":"https:\/\/www.vijuan.eu\/en\/#primaryimage","url":"https:\/\/www.vijuan.eu\/wp-content\/uploads\/2024\/03\/header-home-scaled.jpg","contentUrl":"https:\/\/www.vijuan.eu\/wp-content\/uploads\/2024\/03\/header-home-scaled.jpg","width":2560,"height":1125},{"@type":"BreadcrumbList","@id":"https:\/\/www.vijuan.eu\/en\/#breadcrumb","itemListElement":[{"@type":"ListItem","position":1,"name":"Portada","item":"https:\/\/www.vijuan.eu\/en\/"},{"@type":"ListItem","position":2,"name":"Home"}]},{"@type":"WebSite","@id":"https:\/\/www.vijuan.eu\/#website","url":"https:\/\/www.vijuan.eu\/","name":"VIJUAN","description":"","publisher":{"@id":"https:\/\/www.vijuan.eu\/#organization"},"potentialAction":[{"@type":"SearchAction","target":{"@type":"EntryPoint","urlTemplate":"https:\/\/www.vijuan.eu\/?s={search_term_string}"},"query-input":{"@type":"PropertyValueSpecification","valueRequired":true,"valueName":"search_term_string"}}],"inLanguage":"en-US"},{"@type":"Organization","@id":"https:\/\/www.vijuan.eu\/#organization","name":"VIJUAN","url":"https:\/\/www.vijuan.eu\/","logo":{"@type":"ImageObject","inLanguage":"en-US","@id":"https:\/\/www.vijuan.eu\/#\/schema\/logo\/image\/","url":"https:\/\/www.vijuan.eu\/\/wp-content\/uploads\/2024\/07\/logo.png","contentUrl":"https:\/\/www.vijuan.eu\/\/wp-content\/uploads\/2024\/07\/logo.png","width":339,"height":98,"caption":"VIJUAN"},"image":{"@id":"https:\/\/www.vijuan.eu\/#\/schema\/logo\/image\/"}}]}},"_links":{"self":[{"href":"https:\/\/www.vijuan.eu\/en\/wp-json\/wp\/v2\/pages\/907","targetHints":{"allow":["GET"]}}],"collection":[{"href":"https:\/\/www.vijuan.eu\/en\/wp-json\/wp\/v2\/pages"}],"about":[{"href":"https:\/\/www.vijuan.eu\/en\/wp-json\/wp\/v2\/types\/page"}],"author":[{"embeddable":true,"href":"https:\/\/www.vijuan.eu\/en\/wp-json\/wp\/v2\/users\/2"}],"replies":[{"embeddable":true,"href":"https:\/\/www.vijuan.eu\/en\/wp-json\/wp\/v2\/comments?post=907"}],"version-history":[{"count":13,"href":"https:\/\/www.vijuan.eu\/en\/wp-json\/wp\/v2\/pages\/907\/revisions"}],"predecessor-version":[{"id":2762,"href":"https:\/\/www.vijuan.eu\/en\/wp-json\/wp\/v2\/pages\/907\/revisions\/2762"}],"wp:featuredmedia":[{"embeddable":true,"href":"https:\/\/www.vijuan.eu\/en\/wp-json\/wp\/v2\/media\/694"}],"wp:attachment":[{"href":"https:\/\/www.vijuan.eu\/en\/wp-json\/wp\/v2\/media?parent=907"}],"curies":[{"name":"wp","href":"https:\/\/api.w.org\/{rel}","templated":true}]}}